{"id":2571,"date":"2022-10-11T19:09:43","date_gmt":"2022-10-11T19:09:43","guid":{"rendered":"https:\/\/seguimy.com\/?page_id=2571"},"modified":"2022-10-11T20:06:12","modified_gmt":"2022-10-11T20:06:12","slug":"gaetano-golino","status":"publish","type":"page","link":"https:\/\/seguimy.com\/index.php\/autori\/gaetano-golino\/","title":{"rendered":"Gaetano Golino"},"content":{"rendered":"\t\t<div data-elementor-type=\"wp-post\" data-elementor-id=\"2571\" class=\"elementor elementor-2571\">\n\t\t\t\t\t\t\t\t\t<section class=\"elementor-section elementor-top-section elementor-element elementor-element-6b0d34d elementor-section-boxed elementor-section-height-default elementor-section-height-default\" data-id=\"6b0d34d\" data-element_type=\"section\" data-settings=\"{&quot;background_background&quot;:&quot;classic&quot;}\">\n\t\t\t\t\t\t<div class=\"elementor-container elementor-column-gap-default\">\n\t\t\t\t\t<div class=\"elementor-column elementor-col-100 elementor-top-column elementor-element elementor-element-9706994\" data-id=\"9706994\" data-element_type=\"column\">\n\t\t\t<div class=\"elementor-widget-wrap elementor-element-populated\">\n\t\t\t\t\t\t\t\t<div class=\"elementor-element elementor-element-e9bd64f elementor-widget elementor-widget-heading\" data-id=\"e9bd64f\" data-element_type=\"widget\" data-widget_type=\"heading.default\">\n\t\t\t\t<div class=\"elementor-widget-container\">\n\t\t\t<style>\/*! elementor - v3.7.5 - 14-09-2022 *\/\n.elementor-heading-title{padding:0;margin:0;line-height:1}.elementor-widget-heading .elementor-heading-title[class*=elementor-size-]>a{color:inherit;font-size:inherit;line-height:inherit}.elementor-widget-heading .elementor-heading-title.elementor-size-small{font-size:15px}.elementor-widget-heading .elementor-heading-title.elementor-size-medium{font-size:19px}.elementor-widget-heading .elementor-heading-title.elementor-size-large{font-size:29px}.elementor-widget-heading .elementor-heading-title.elementor-size-xl{font-size:39px}.elementor-widget-heading .elementor-heading-title.elementor-size-xxl{font-size:59px}<\/style><h1 class=\"elementor-heading-title elementor-size-default\">Gaetano Golino<\/h1>\t\t<\/div>\n\t\t\t\t<\/div>\n\t\t\t\t<div class=\"elementor-element elementor-element-5cd5266 elementor-widget-divider--view-line elementor-widget elementor-widget-divider\" data-id=\"5cd5266\" data-element_type=\"widget\" data-widget_type=\"divider.default\">\n\t\t\t\t<div class=\"elementor-widget-container\">\n\t\t\t<style>\/*! elementor - v3.7.5 - 14-09-2022 *\/\n.elementor-widget-divider{--divider-border-style:none;--divider-border-width:1px;--divider-color:#2c2c2c;--divider-icon-size:20px;--divider-element-spacing:10px;--divider-pattern-height:24px;--divider-pattern-size:20px;--divider-pattern-url:none;--divider-pattern-repeat:repeat-x}.elementor-widget-divider .elementor-divider{display:-webkit-box;display:-ms-flexbox;display:flex}.elementor-widget-divider .elementor-divider__text{font-size:15px;line-height:1;max-width:95%}.elementor-widget-divider .elementor-divider__element{margin:0 var(--divider-element-spacing);-ms-flex-negative:0;flex-shrink:0}.elementor-widget-divider .elementor-icon{font-size:var(--divider-icon-size)}.elementor-widget-divider .elementor-divider-separator{display:-webkit-box;display:-ms-flexbox;display:flex;margin:0;direction:ltr}.elementor-widget-divider--view-line_icon .elementor-divider-separator,.elementor-widget-divider--view-line_text .elementor-divider-separator{-webkit-box-align:center;-ms-flex-align:center;align-items:center}.elementor-widget-divider--view-line_icon .elementor-divider-separator:after,.elementor-widget-divider--view-line_icon .elementor-divider-separator:before,.elementor-widget-divider--view-line_text .elementor-divider-separator:after,.elementor-widget-divider--view-line_text .elementor-divider-separator:before{display:block;content:\"\";border-bottom:0;-webkit-box-flex:1;-ms-flex-positive:1;flex-grow:1;border-top:var(--divider-border-width) var(--divider-border-style) var(--divider-color)}.elementor-widget-divider--element-align-left .elementor-divider .elementor-divider-separator>.elementor-divider__svg:first-of-type{-webkit-box-flex:0;-ms-flex-positive:0;flex-grow:0;-ms-flex-negative:100;flex-shrink:100}.elementor-widget-divider--element-align-left .elementor-divider-separator:before{content:none}.elementor-widget-divider--element-align-left .elementor-divider__element{margin-left:0}.elementor-widget-divider--element-align-right .elementor-divider .elementor-divider-separator>.elementor-divider__svg:last-of-type{-webkit-box-flex:0;-ms-flex-positive:0;flex-grow:0;-ms-flex-negative:100;flex-shrink:100}.elementor-widget-divider--element-align-right .elementor-divider-separator:after{content:none}.elementor-widget-divider--element-align-right .elementor-divider__element{margin-right:0}.elementor-widget-divider:not(.elementor-widget-divider--view-line_text):not(.elementor-widget-divider--view-line_icon) .elementor-divider-separator{border-top:var(--divider-border-width) var(--divider-border-style) var(--divider-color)}.elementor-widget-divider--separator-type-pattern{--divider-border-style:none}.elementor-widget-divider--separator-type-pattern.elementor-widget-divider--view-line .elementor-divider-separator,.elementor-widget-divider--separator-type-pattern:not(.elementor-widget-divider--view-line) .elementor-divider-separator:after,.elementor-widget-divider--separator-type-pattern:not(.elementor-widget-divider--view-line) .elementor-divider-separator:before,.elementor-widget-divider--separator-type-pattern:not([class*=elementor-widget-divider--view]) .elementor-divider-separator{width:100%;min-height:var(--divider-pattern-height);-webkit-mask-size:var(--divider-pattern-size) 100%;mask-size:var(--divider-pattern-size) 100%;-webkit-mask-repeat:var(--divider-pattern-repeat);mask-repeat:var(--divider-pattern-repeat);background-color:var(--divider-color);-webkit-mask-image:var(--divider-pattern-url);mask-image:var(--divider-pattern-url)}.elementor-widget-divider--no-spacing{--divider-pattern-size:auto}.elementor-widget-divider--bg-round{--divider-pattern-repeat:round}.rtl .elementor-widget-divider .elementor-divider__text{direction:rtl}.e-container>.elementor-widget-divider{width:var(--container-widget-width,100%);--flex-grow:var(--container-widget-flex-grow,0)}<\/style>\t\t<div class=\"elementor-divider\">\n\t\t\t<span class=\"elementor-divider-separator\">\n\t\t\t\t\t\t<\/span>\n\t\t<\/div>\n\t\t\t\t<\/div>\n\t\t\t\t<\/div>\n\t\t\t\t\t<\/div>\n\t\t<\/div>\n\t\t\t\t\t\t\t<\/div>\n\t\t<\/section>\n\t\t\t\t<section class=\"elementor-section elementor-top-section elementor-element elementor-element-1720f20 elementor-section-full_width elementor-section-height-default elementor-section-height-default\" data-id=\"1720f20\" data-element_type=\"section\" data-settings=\"{&quot;background_background&quot;:&quot;classic&quot;}\">\n\t\t\t\t\t\t<div class=\"elementor-container elementor-column-gap-default\">\n\t\t\t\t\t<div class=\"elementor-column elementor-col-50 elementor-top-column elementor-element elementor-element-c9f1f85\" data-id=\"c9f1f85\" data-element_type=\"column\">\n\t\t\t<div class=\"elementor-widget-wrap elementor-element-populated\">\n\t\t\t\t\t\t\t\t<div class=\"elementor-element elementor-element-fe4756b elementor-widget elementor-widget-heading\" data-id=\"fe4756b\" data-element_type=\"widget\" data-widget_type=\"heading.default\">\n\t\t\t\t<div class=\"elementor-widget-container\">\n\t\t\t<h3 class=\"elementor-heading-title elementor-size-default\">Biografia<\/h3>\t\t<\/div>\n\t\t\t\t<\/div>\n\t\t\t\t<div class=\"elementor-element elementor-element-690e36b elementor-widget-divider--view-line elementor-widget elementor-widget-divider\" data-id=\"690e36b\" data-element_type=\"widget\" data-widget_type=\"divider.default\">\n\t\t\t\t<div class=\"elementor-widget-container\">\n\t\t\t\t\t<div class=\"elementor-divider\">\n\t\t\t<span class=\"elementor-divider-separator\">\n\t\t\t\t\t\t<\/span>\n\t\t<\/div>\n\t\t\t\t<\/div>\n\t\t\t\t<\/div>\n\t\t\t\t<div class=\"elementor-element elementor-element-a9f48fe elementor-widget elementor-widget-text-editor\" data-id=\"a9f48fe\" data-element_type=\"widget\" data-widget_type=\"text-editor.default\">\n\t\t\t\t<div class=\"elementor-widget-container\">\n\t\t\t<style>\/*! elementor - v3.7.5 - 14-09-2022 *\/\n.elementor-widget-text-editor.elementor-drop-cap-view-stacked .elementor-drop-cap{background-color:#818a91;color:#fff}.elementor-widget-text-editor.elementor-drop-cap-view-framed .elementor-drop-cap{color:#818a91;border:3px solid;background-color:transparent}.elementor-widget-text-editor:not(.elementor-drop-cap-view-default) .elementor-drop-cap{margin-top:8px}.elementor-widget-text-editor:not(.elementor-drop-cap-view-default) .elementor-drop-cap-letter{width:1em;height:1em}.elementor-widget-text-editor .elementor-drop-cap{float:left;text-align:center;line-height:1;font-size:50px}.elementor-widget-text-editor .elementor-drop-cap-letter{display:inline-block}<\/style>\t\t\t\t<div class=\"single-artist-links\"><p><strong><span class=\"artist-det-what\">Telefono<\/span>\u00a0<\/strong><span class=\"artist-det\">392 4918276<\/span><\/p><\/div><div class=\"single-artist-bio\">Gaetano Golino, in arte Nino Golino, nasce ad Aversa il 17 Aprile del 1981. Vive un\u2019infanzia travagliata in cui l\u2019unica via di salvezza era la musica, infatti fin da sempre risulta essere molto legato a tale ambito. All\u2019et\u00e0 di dieci anni si iscrive all&#8217;istituto dei salesiani Don Bosco Napoli ed \u00e8 li che riceve la prima formazione circa l\u2019ambito musicale. Frequenta un corso biennale di solfeggio utilizzando come strumento il clarinetto. All\u2019et\u00e0 di 17 anni si conclude la formazione ai salesiani iniziando a studiare pianoforte privatamente dall\u2019insegnante Annamaria Napolitano, formatrice di Gigi D\u2019Alessio e altri celebri autori.<br \/><br \/>Diplomato in Scienze delle comunicazioni e con un\u2019esperienza biennale nell&#8217;ambito univertario, ben presto per\u00f2 si render\u00e0 conto che la sua vera passione sar\u00e0 intrecciata la nota musicale al campo letterario e quindi inizier\u00e0 a scrivere numerosi brani per svariati artisti neo melodici. Nel 2012 scrive &#8220;Te pretendo&#8221; per il noto interprete napoletano Franco Moreno, ottimo trampolino di lancio per la carriera artistica di Nino, perch\u00e9 il brano riceve numerosi consensi da critica e pubblico. Nel 2013 entra a far parte del progetto discografico &#8220;Io come te&#8221; di Nando Mariano, scrivendo i brani &#8220;L&#8217;ammore mio si tu&#8221; e &#8220;Io nun vivo&#8221;. Anno 2016 Nino scrive un brano autobiografico intitolato &#8220;A&#8217;storia \u00e8 na signora&#8221; interpretata da Rico Femiano, inclusa nell&#8217;album &#8220;Tempesta Perfetta&#8221;.<br \/><br \/>Anno 2017 esce il brano &#8220;Nun ci\u00e1 faccio cchiu&#8221; singolo di Stefania Lay, contenuto nella ristampa dell&#8217;album &#8220;Oltre me&#8221;. Nello stesso anno Nino si ritrova a sua insaputa, inciso da Daniele De Martino, il brano &#8220;Ma si nun \u00e8 ammore&#8221; inizialmente commissionata per l&#8217;interprete Nando De Marco, nonostante ci\u00f2 il brano riscuote una certa popolarit\u00e0. Scrive il brano &#8220;Vedimmece dimane&#8221; singolo di Natale Galletta che da lancio al progetto discografico &#8220;C&#8217;\u00e8 sempre un motivo&#8221;. Scrive i brani &#8220;Nel dolore&#8221; e &#8220;Fuori tempo&#8221; per il cantautore Marco Graziani, Il quale participa al contest &#8220;Area Sanremo&#8221; classificandosi tra i primi venti classificati. Sempre nel 2017 arriva un traguardo molto importante per la carriera di Nino, il brano &#8220;Chesta \u00e8 Napole&#8221; brano dedicato alla sua terra di origine, eseguita dai I Desideri feat Nico Desideri,viene inserita nel progetto discografico &#8220;Uaglio&#8221; degli stessi I Desideri, Prodotto e Distribuito dalla SONY MUSIC .<br \/><br \/>ANNO 2018 Nino realizza uno dei suoi sogni e scrive il brano &#8220;COMME FAJE&#8221; per il noto cantautore di musica napoletana, Carmelo Zappulla, in successione scrive il brano &#8220;L&#8217;amore \u00e8 bello se..&#8221; per Emiliana Cantone feat Pablo Rey, inserito nella colonna sonora del film &#8220;La paranza dei bambini&#8221; , candidato ai &#8220;David di Donatello&#8221;. Sempre nel 2018 crea un sodalizio artistico con il compositore-arrangiatore Mimmo Sarti scrivendo tantissimi brani come:<br \/><br \/>Rosa Nera (Anthony feat Bema)<br \/>Non ti dimentico (Daniele De Martino)<br \/>E faccio cose e pazze (Emiliana Cantone)<br \/>Ma si m&#8217;annammor (Ciro Renna)<br \/>L&#8217;amore \u00e8 cosa seria (Franco D&#8217;amore feat Rico Femiano)<br \/>Fa scegliere o core (Marco Calone)<br \/>Na femmena illegale (Stefania Lay feat Bema)<br \/>Ma che bella donna (Daniele De Martino)<br \/>Me manche (Ammore) (Bema feat Giusy Attanasio)<br \/>N&#8217;at ammore (Nico Desideri ft. I Desideri,Peppe Soks)<br \/>Verso il cuore (Angelo Famao feat Stefania Lay)<br \/>Sto perdendo o core (Emiliana Cantone)<br \/>&#8216;o primme appuntamento (Franco Calone)<br \/>Addo vuo tu e quanne vuo tu (Rico Femiano feat Giusy Attanasio)<br \/>Sta vota \u00e8 fernuta (Giusy Attanasio feat Stefania Lay)<br \/>\u00c8 nu juorne importante (Lino Calone)<br \/>Si fosse stato o tuoje (Nello Amato)<br \/>Nun ce penza<br \/>(Pino Giordano feat Marco Calone)<br \/>Comme staje (Franco D&#8217;amore)<br \/>Fra mezz&#8217;ora (Lino Calone feat Giusy Attanasio)<\/div>\t\t\t\t\t\t<\/div>\n\t\t\t\t<\/div>\n\t\t\t\t\t<\/div>\n\t\t<\/div>\n\t\t\t\t<div class=\"elementor-column elementor-col-50 elementor-top-column elementor-element elementor-element-47d6188\" data-id=\"47d6188\" data-element_type=\"column\">\n\t\t\t<div class=\"elementor-widget-wrap elementor-element-populated\">\n\t\t\t\t\t\t\t\t<div class=\"elementor-element elementor-element-681e1c0 elementor-widget elementor-widget-image\" data-id=\"681e1c0\" data-element_type=\"widget\" data-widget_type=\"image.default\">\n\t\t\t\t<div class=\"elementor-widget-container\">\n\t\t\t<style>\/*! elementor - v3.7.5 - 14-09-2022 *\/\n.elementor-widget-image{text-align:center}.elementor-widget-image a{display:inline-block}.elementor-widget-image a img[src$=\".svg\"]{width:48px}.elementor-widget-image img{vertical-align:middle;display:inline-block}<\/style>\t\t\t\t\t\t\t\t\t\t\t\t<img width=\"500\" height=\"500\" src=\"https:\/\/seguimy.com\/wp-content\/uploads\/2022\/09\/gaetano_golino_single.jpg\" class=\"attachment-full size-full\" alt=\"\" loading=\"lazy\" srcset=\"https:\/\/seguimy.com\/wp-content\/uploads\/2022\/09\/gaetano_golino_single.jpg 500w, https:\/\/seguimy.com\/wp-content\/uploads\/2022\/09\/gaetano_golino_single-300x300.jpg 300w, https:\/\/seguimy.com\/wp-content\/uploads\/2022\/09\/gaetano_golino_single-150x150.jpg 150w\" sizes=\"(max-width: 500px) 100vw, 500px\" \/>\t\t\t\t\t\t\t\t\t\t\t\t\t\t\t<\/div>\n\t\t\t\t<\/div>\n\t\t\t\t\t<\/div>\n\t\t<\/div>\n\t\t\t\t\t\t\t<\/div>\n\t\t<\/section>\n\t\t\t\t<section class=\"elementor-section elementor-top-section elementor-element elementor-element-056240b elementor-section-boxed elementor-section-height-default elementor-section-height-default\" data-id=\"056240b\" data-element_type=\"section\" data-settings=\"{&quot;background_background&quot;:&quot;classic&quot;}\">\n\t\t\t\t\t\t<div class=\"elementor-container elementor-column-gap-default\">\n\t\t\t\t\t<div class=\"elementor-column elementor-col-100 elementor-top-column elementor-element elementor-element-270c62c\" data-id=\"270c62c\" data-element_type=\"column\">\n\t\t\t<div class=\"elementor-widget-wrap\">\n\t\t\t\t\t\t\t\t\t<\/div>\n\t\t<\/div>\n\t\t\t\t\t\t\t<\/div>\n\t\t<\/section>\n\t\t\t\t<section class=\"elementor-section elementor-top-section elementor-element elementor-element-70166dd elementor-section-boxed elementor-section-height-default elementor-section-height-default\" data-id=\"70166dd\" data-element_type=\"section\" data-settings=\"{&quot;background_background&quot;:&quot;classic&quot;}\">\n\t\t\t\t\t\t<div class=\"elementor-container elementor-column-gap-default\">\n\t\t\t\t\t<div class=\"elementor-column elementor-col-100 elementor-top-column elementor-element elementor-element-43a650d\" data-id=\"43a650d\" data-element_type=\"column\">\n\t\t\t<div class=\"elementor-widget-wrap elementor-element-populated\">\n\t\t\t\t\t\t\t\t<div class=\"elementor-element elementor-element-6c1552b elementor-widget elementor-widget-heading\" data-id=\"6c1552b\" data-element_type=\"widget\" data-widget_type=\"heading.default\">\n\t\t\t\t<div class=\"elementor-widget-container\">\n\t\t\t<h2 class=\"elementor-heading-title elementor-size-default\">Esplora<\/h2>\t\t<\/div>\n\t\t\t\t<\/div>\n\t\t\t\t<div class=\"elementor-element elementor-element-78d996a elementor-widget-divider--view-line elementor-widget elementor-widget-divider\" data-id=\"78d996a\" data-element_type=\"widget\" data-widget_type=\"divider.default\">\n\t\t\t\t<div class=\"elementor-widget-container\">\n\t\t\t\t\t<div class=\"elementor-divider\">\n\t\t\t<span class=\"elementor-divider-separator\">\n\t\t\t\t\t\t<\/span>\n\t\t<\/div>\n\t\t\t\t<\/div>\n\t\t\t\t<\/div>\n\t\t\t\t<div class=\"elementor-element elementor-element-c6bcdd2 elementor-align-center elementor-widget elementor-widget-button\" data-id=\"c6bcdd2\" data-element_type=\"widget\" data-widget_type=\"button.default\">\n\t\t\t\t<div class=\"elementor-widget-container\">\n\t\t\t\t\t<div class=\"elementor-button-wrapper\">\n\t\t\t<a href=\"https:\/\/seguimy.com\/index.php\/autori\/\" class=\"elementor-button-link elementor-button elementor-size-sm\" role=\"button\">\n\t\t\t\t\t\t<span class=\"elementor-button-content-wrapper\">\n\t\t\t\t\t\t<span class=\"elementor-button-text\">Autori<\/span>\n\t\t<\/span>\n\t\t\t\t\t<\/a>\n\t\t<\/div>\n\t\t\t\t<\/div>\n\t\t\t\t<\/div>\n\t\t\t\t\t<\/div>\n\t\t<\/div>\n\t\t\t\t\t\t\t<\/div>\n\t\t<\/section>\n\t\t\t\t\t\t\t<\/div>\n\t\t","protected":false},"excerpt":{"rendered":"<p>Gaetano Golino Biografia Telefono\u00a0392 4918276 Gaetano Golino, in arte Nino Golino, nasce ad Aversa il 17 Aprile del 1981. Vive un\u2019infanzia travagliata in cui l\u2019unica via di salvezza era la musica, infatti fin da sempre risulta essere molto legato a tale ambito. All\u2019et\u00e0 di dieci anni si iscrive all&#8217;istituto dei salesiani Don Bosco Napoli ed &hellip;<\/p>\n<p class=\"read-more\"> <a class=\"\" href=\"https:\/\/seguimy.com\/index.php\/autori\/gaetano-golino\/\"> <span class=\"screen-reader-text\">Gaetano Golino<\/span> Leggi altro &raquo;<\/a><\/p>\n","protected":false},"author":2,"featured_media":0,"parent":2465,"menu_order":0,"comment_status":"closed","ping_status":"closed","template":"","meta":{"om_disable_all_campaigns":false,"_monsterinsights_skip_tracking":false,"_monsterinsights_sitenote_active":false,"_monsterinsights_sitenote_note":"","_monsterinsights_sitenote_category":0,"site-sidebar-layout":"no-sidebar","site-content-layout":"page-builder","ast-global-header-display":"","ast-main-header-display":"","ast-hfb-above-header-display":"","ast-hfb-below-header-display":"","ast-hfb-mobile-header-display":"","site-post-title":"disabled","ast-breadcrumbs-content":"","ast-featured-img":"disabled","footer-sml-layout":"","theme-transparent-header-meta":"enabled","adv-header-id-meta":"","stick-header-meta":"","header-above-stick-meta":"","header-main-stick-meta":"","header-below-stick-meta":""},"aioseo_notices":[],"_links":{"self":[{"href":"https:\/\/seguimy.com\/index.php\/wp-json\/wp\/v2\/pages\/2571"}],"collection":[{"href":"https:\/\/seguimy.com\/index.php\/wp-json\/wp\/v2\/pages"}],"about":[{"href":"https:\/\/seguimy.com\/index.php\/wp-json\/wp\/v2\/types\/page"}],"author":[{"embeddable":true,"href":"https:\/\/seguimy.com\/index.php\/wp-json\/wp\/v2\/users\/2"}],"replies":[{"embeddable":true,"href":"https:\/\/seguimy.com\/index.php\/wp-json\/wp\/v2\/comments?post=2571"}],"version-history":[{"count":5,"href":"https:\/\/seguimy.com\/index.php\/wp-json\/wp\/v2\/pages\/2571\/revisions"}],"predecessor-version":[{"id":2645,"href":"https:\/\/seguimy.com\/index.php\/wp-json\/wp\/v2\/pages\/2571\/revisions\/2645"}],"up":[{"embeddable":true,"href":"https:\/\/seguimy.com\/index.php\/wp-json\/wp\/v2\/pages\/2465"}],"wp:attachment":[{"href":"https:\/\/seguimy.com\/index.php\/wp-json\/wp\/v2\/media?parent=2571"}],"curies":[{"name":"wp","href":"https:\/\/api.w.org\/{rel}","templated":true}]}}